{"id":54,"date":"2024-02-01T13:57:04","date_gmt":"2024-02-01T13:57:04","guid":{"rendered":"https:\/\/www.tammilehdon.fi\/?page_id=54"},"modified":"2025-12-22T04:57:53","modified_gmt":"2025-12-22T04:57:53","slug":"paivatoiminta","status":"publish","type":"page","link":"https:\/\/www.tammilehdon.fi\/?page_id=54","title":{"rendered":"P\u00e4iv\u00e4toiminta"},"content":{"rendered":"\n<p>P\u00e4iv\u00e4toiminta on s\u00e4\u00e4nn\u00f6llist\u00e4, tavoitteellista, virikkeellist\u00e4<br>ik\u00e4\u00e4ntyneiden itsen\u00e4ist\u00e4 toimintakyky\u00e4 yll\u00e4pit\u00e4v\u00e4\u00e4 ja edist\u00e4v\u00e4\u00e4<br>ryhm\u00e4muotoista toimintaa. Tavoitteena on ennaltaehk\u00e4ist\u00e4<br>ymp\u00e4rivuorokautisen hoidon tarvetta.<br>P\u00e4iv\u00e4toiminnassa asiakkaalle laaditaan kuntoutussuunnitelma<br>huomioiden voimavarat ja yksil\u00f6lliset tarpeet. Yhteisty\u00f6t\u00e4<br>tehd\u00e4\u00e4n mm. asiakkaan omaisten ja kotihoidon henkil\u00f6st\u00f6n<br>kanssa.<\/p>\n\n\n\n<p><em>P\u00e4iv\u00e4ohjelma:<br>9:00   Saapuminen p\u00e4iv\u00e4toimintaan<br>9:30   Aamupala<br>10:00 Ryhm\u00e4toimintaa<br>11:30 Lounas ja lepohetki<br>13:00 Ryhm\u00e4toimintaa<br>14:30 P\u00e4iv\u00e4kahvit<br>15:00 P\u00e4iv\u00e4n p\u00e4\u00e4t\u00f6s, l\u00e4ht\u00f6 kotiin<\/em><br><br>P\u00e4iv\u00e4toiminta on avoinna asiakkaille kahtena p\u00e4iv\u00e4n\u00e4 viikossa<br>klo 9:00 \u2013 15:00. Asiakkaat tulevat ennalta sovittuna p\u00e4iv\u00e4n\u00e4,<br>k\u00e4yntip\u00e4ivi\u00e4 voi olla viikossa yksi tai useampia. Toimintaan on<br>mahdollista osallistua hyvinvointialueen maksusitoumuksella,<br>itse maksavana asiakkaana tai k\u00e4ytt\u00e4en omaishoitajan vapaita.<\/p>\n\n\n\n<p>Tammilehdon Palvelukeskus Hornintie 7a, 24800 Halikko<\/p>\n\n\n\n<div class=\"wp-block-buttons is-layout-flex wp-block-buttons-is-layout-flex\">\n<div class=\"wp-block-button\"><a class=\"wp-block-button__link wp-element-button\" href=\"https:\/\/www.tammilehdon.fi\/wp-content\/uploads\/2024\/02\/Paivatoiminnan-2_2024.pdf\" target=\"_blank\" rel=\"noreferrer noopener\">Omavalvontasuunnitelma<\/a><\/div>\n<\/div>\n\n\n\n<p><\/p>\n\n\n\n<figure class=\"wp-block-gallery has-nested-images columns-default is-cropped wp-block-gallery-1 is-layout-flex wp-block-gallery-is-layout-flex\">\n<figure class=\"wp-block-image size-large\"><img loading=\"lazy\" decoding=\"async\" width=\"762\" height=\"1024\" data-id=\"382\" src=\"https:\/\/www.tammilehdon.fi\/wp-content\/uploads\/2024\/02\/TuulimyllyM-762x1024.jpg\" alt=\"\" class=\"wp-image-382\" srcset=\"https:\/\/www.tammilehdon.fi\/wp-content\/uploads\/2024\/02\/TuulimyllyM-762x1024.jpg 762w, https:\/\/www.tammilehdon.fi\/wp-content\/uploads\/2024\/02\/TuulimyllyM-223x300.jpg 223w, https:\/\/www.tammilehdon.fi\/wp-content\/uploads\/2024\/02\/TuulimyllyM-768x1032.jpg 768w, https:\/\/www.tammilehdon.fi\/wp-content\/uploads\/2024\/02\/TuulimyllyM-1143x1536.jpg 1143w, https:\/\/www.tammilehdon.fi\/wp-content\/uploads\/2024\/02\/TuulimyllyM-1524x2048.jpg 1524w, https:\/\/www.tammilehdon.fi\/wp-content\/uploads\/2024\/02\/TuulimyllyM-scaled.jpg 1906w\" sizes=\"auto, (max-width: 762px) 100vw, 762px\" \/><\/figure>\n\n\n\n<figure class=\"wp-block-image size-large\"><img loading=\"lazy\" decoding=\"async\" width=\"577\" height=\"1024\" data-id=\"368\" src=\"https:\/\/www.tammilehdon.fi\/wp-content\/uploads\/2024\/02\/IMG-20230614-WA0021-577x1024.jpg\" alt=\"\" class=\"wp-image-368\" srcset=\"https:\/\/www.tammilehdon.fi\/wp-content\/uploads\/2024\/02\/IMG-20230614-WA0021-577x1024.jpg 577w, https:\/\/www.tammilehdon.fi\/wp-content\/uploads\/2024\/02\/IMG-20230614-WA0021-169x300.jpg 169w, https:\/\/www.tammilehdon.fi\/wp-content\/uploads\/2024\/02\/IMG-20230614-WA0021-768x1364.jpg 768w, https:\/\/www.tammilehdon.fi\/wp-content\/uploads\/2024\/02\/IMG-20230614-WA0021-865x1536.jpg 865w, https:\/\/www.tammilehdon.fi\/wp-content\/uploads\/2024\/02\/IMG-20230614-WA0021.jpg 1153w\" sizes=\"auto, (max-width: 577px) 100vw, 577px\" \/><\/figure>\n\n\n\n<figure class=\"wp-block-image size-large\"><img loading=\"lazy\" decoding=\"async\" width=\"574\" height=\"1024\" data-id=\"430\" src=\"https:\/\/www.tammilehdon.fi\/wp-content\/uploads\/2024\/02\/Mansikkakakku-574x1024.jpg\" alt=\"\" class=\"wp-image-430\" srcset=\"https:\/\/www.tammilehdon.fi\/wp-content\/uploads\/2024\/02\/Mansikkakakku-574x1024.jpg 574w, https:\/\/www.tammilehdon.fi\/wp-content\/uploads\/2024\/02\/Mansikkakakku-168x300.jpg 168w, https:\/\/www.tammilehdon.fi\/wp-content\/uploads\/2024\/02\/Mansikkakakku-768x1370.jpg 768w, https:\/\/www.tammilehdon.fi\/wp-content\/uploads\/2024\/02\/Mansikkakakku.jpg 843w\" sizes=\"auto, (max-width: 574px) 100vw, 574px\" \/><\/figure>\n<\/figure>\n","protected":false},"excerpt":{"rendered":"<p>P\u00e4iv\u00e4toiminta on s\u00e4\u00e4nn\u00f6llist\u00e4, tavoitteellista, virikkeellist\u00e4ik\u00e4\u00e4ntyneiden itsen\u00e4ist\u00e4 toimintakyky\u00e4 yll\u00e4pit\u00e4v\u00e4\u00e4 ja edist\u00e4v\u00e4\u00e4ryhm\u00e4muotoista toimintaa. Tavoitteena on ennaltaehk\u00e4ist\u00e4ymp\u00e4rivuorokautisen hoidon tarvetta.P\u00e4iv\u00e4toiminnassa asiakkaalle laaditaan kuntoutussuunnitelmahuomioiden voimavarat ja yksil\u00f6lliset tarpeet. Yhteisty\u00f6t\u00e4tehd\u00e4\u00e4n mm. asiakkaan omaisten ja kotihoidon henkil\u00f6st\u00f6nkanssa. P\u00e4iv\u00e4ohjelma:9:00 Saapuminen p\u00e4iv\u00e4toimintaan9:30 Aamupala10:00 Ryhm\u00e4toimintaa11:30 Lounas ja lepohetki13:00 Ryhm\u00e4toimintaa14:30 P\u00e4iv\u00e4kahvit15:00 P\u00e4iv\u00e4n p\u00e4\u00e4t\u00f6s, l\u00e4ht\u00f6 kotiin P\u00e4iv\u00e4toiminta on avoinna asiakkaille kahtena p\u00e4iv\u00e4n\u00e4 viikossaklo 9:00 \u2013 15:00. Asiakkaat [&hellip;]<\/p>\n","protected":false},"author":1,"featured_media":0,"parent":0,"menu_order":0,"comment_status":"closed","ping_status":"closed","template":"","meta":{"ocean_post_layout":"","ocean_both_sidebars_style":"","ocean_both_sidebars_content_width":0,"ocean_both_sidebars_sidebars_width":0,"ocean_sidebar":"","ocean_second_sidebar":"","ocean_disable_margins":"enable","ocean_add_body_class":"","ocean_shortcode_before_top_bar":"","ocean_shortcode_after_top_bar":"","ocean_shortcode_before_header":"","ocean_shortcode_after_header":"","ocean_has_shortcode":"","ocean_shortcode_after_title":"","ocean_shortcode_before_footer_widgets":"","ocean_shortcode_after_footer_widgets":"","ocean_shortcode_before_footer_bottom":"","ocean_shortcode_after_footer_bottom":"","ocean_display_top_bar":"default","ocean_display_header":"default","ocean_header_style":"","ocean_center_header_left_menu":"","ocean_custom_header_template":"","ocean_custom_logo":0,"ocean_custom_retina_logo":0,"ocean_custom_logo_max_width":0,"ocean_custom_logo_tablet_max_width":0,"ocean_custom_logo_mobile_max_width":0,"ocean_custom_logo_max_height":0,"ocean_custom_logo_tablet_max_height":0,"ocean_custom_logo_mobile_max_height":0,"ocean_header_custom_menu":"","ocean_menu_typo_font_family":"","ocean_menu_typo_font_subset":"","ocean_menu_typo_font_size":0,"ocean_menu_typo_font_size_tablet":0,"ocean_menu_typo_font_size_mobile":0,"ocean_menu_typo_font_size_unit":"px","ocean_menu_typo_font_weight":"","ocean_menu_typo_font_weight_tablet":"","ocean_menu_typo_font_weight_mobile":"","ocean_menu_typo_transform":"","ocean_menu_typo_transform_tablet":"","ocean_menu_typo_transform_mobile":"","ocean_menu_typo_line_height":0,"ocean_menu_typo_line_height_tablet":0,"ocean_menu_typo_line_height_mobile":0,"ocean_menu_typo_line_height_unit":"","ocean_menu_typo_spacing":0,"ocean_menu_typo_spacing_tablet":0,"ocean_menu_typo_spacing_mobile":0,"ocean_menu_typo_spacing_unit":"","ocean_menu_link_color":"","ocean_menu_link_color_hover":"","ocean_menu_link_color_active":"","ocean_menu_link_background":"","ocean_menu_link_hover_background":"","ocean_menu_link_active_background":"","ocean_menu_social_links_bg":"","ocean_menu_social_hover_links_bg":"","ocean_menu_social_links_color":"","ocean_menu_social_hover_links_color":"","ocean_disable_title":"default","ocean_disable_heading":"default","ocean_post_title":"","ocean_post_subheading":"","ocean_post_title_style":"","ocean_post_title_background_color":"","ocean_post_title_background":0,"ocean_post_title_bg_image_position":"","ocean_post_title_bg_image_attachment":"","ocean_post_title_bg_image_repeat":"","ocean_post_title_bg_image_size":"","ocean_post_title_height":0,"ocean_post_title_bg_overlay":0.5,"ocean_post_title_bg_overlay_color":"","ocean_disable_breadcrumbs":"default","ocean_breadcrumbs_color":"","ocean_breadcrumbs_separator_color":"","ocean_breadcrumbs_links_color":"","ocean_breadcrumbs_links_hover_color":"","ocean_display_footer_widgets":"default","ocean_display_footer_bottom":"default","ocean_custom_footer_template":"","footnotes":""},"class_list":["post-54","page","type-page","status-publish","hentry","entry"],"yoast_head":"<!-- This site is optimized with the Yoast SEO plugin v27.5 - https:\/\/yoast.com\/product\/yoast-seo-wordpress\/ -->\n<title>P\u00e4iv\u00e4toiminta -<\/title>\n<meta name=\"robots\" content=\"index, follow, max-snippet:-1, max-image-preview:large, max-video-preview:-1\" \/>\n<link rel=\"canonical\" href=\"https:\/\/www.tammilehdon.fi\/?page_id=54\" \/>\n<meta property=\"og:locale\" content=\"fi_FI\" \/>\n<meta property=\"og:type\" content=\"article\" \/>\n<meta property=\"og:title\" content=\"P\u00e4iv\u00e4toiminta -\" \/>\n<meta property=\"og:description\" content=\"P\u00e4iv\u00e4toiminta on s\u00e4\u00e4nn\u00f6llist\u00e4, tavoitteellista, virikkeellist\u00e4ik\u00e4\u00e4ntyneiden itsen\u00e4ist\u00e4 toimintakyky\u00e4 yll\u00e4pit\u00e4v\u00e4\u00e4 ja edist\u00e4v\u00e4\u00e4ryhm\u00e4muotoista toimintaa. Tavoitteena on ennaltaehk\u00e4ist\u00e4ymp\u00e4rivuorokautisen hoidon tarvetta.P\u00e4iv\u00e4toiminnassa asiakkaalle laaditaan kuntoutussuunnitelmahuomioiden voimavarat ja yksil\u00f6lliset tarpeet. Yhteisty\u00f6t\u00e4tehd\u00e4\u00e4n mm. asiakkaan omaisten ja kotihoidon henkil\u00f6st\u00f6nkanssa. P\u00e4iv\u00e4ohjelma:9:00 Saapuminen p\u00e4iv\u00e4toimintaan9:30 Aamupala10:00 Ryhm\u00e4toimintaa11:30 Lounas ja lepohetki13:00 Ryhm\u00e4toimintaa14:30 P\u00e4iv\u00e4kahvit15:00 P\u00e4iv\u00e4n p\u00e4\u00e4t\u00f6s, l\u00e4ht\u00f6 kotiin P\u00e4iv\u00e4toiminta on avoinna asiakkaille kahtena p\u00e4iv\u00e4n\u00e4 viikossaklo 9:00 \u2013 15:00. Asiakkaat [&hellip;]\" \/>\n<meta property=\"og:url\" content=\"https:\/\/www.tammilehdon.fi\/?page_id=54\" \/>\n<meta property=\"article:publisher\" content=\"https:\/\/www.facebook.com\/p\/August-koti-100066632112156\/\" \/>\n<meta property=\"article:modified_time\" content=\"2025-12-22T04:57:53+00:00\" \/>\n<meta property=\"og:image\" content=\"https:\/\/www.tammilehdon.fi\/wp-content\/uploads\/2024\/02\/TuulimyllyM-scaled.jpg\" \/>\n\t<meta property=\"og:image:width\" content=\"1906\" \/>\n\t<meta property=\"og:image:height\" content=\"2560\" \/>\n\t<meta property=\"og:image:type\" content=\"image\/jpeg\" \/>\n<meta name=\"twitter:card\" content=\"summary_large_image\" \/>\n<meta name=\"twitter:label1\" content=\"Arvioitu lukuaika\" \/>\n\t<meta name=\"twitter:data1\" content=\"2 minuuttia\" \/>\n<script type=\"application\/ld+json\" class=\"yoast-schema-graph\">{\"@context\":\"https:\\\/\\\/schema.org\",\"@graph\":[{\"@type\":\"WebPage\",\"@id\":\"https:\\\/\\\/www.tammilehdon.fi\\\/?page_id=54\",\"url\":\"https:\\\/\\\/www.tammilehdon.fi\\\/?page_id=54\",\"name\":\"P\u00e4iv\u00e4toiminta -\",\"isPartOf\":{\"@id\":\"https:\\\/\\\/www.tammilehdon.fi\\\/#website\"},\"primaryImageOfPage\":{\"@id\":\"https:\\\/\\\/www.tammilehdon.fi\\\/?page_id=54#primaryimage\"},\"image\":{\"@id\":\"https:\\\/\\\/www.tammilehdon.fi\\\/?page_id=54#primaryimage\"},\"thumbnailUrl\":\"https:\\\/\\\/www.tammilehdon.fi\\\/wp-content\\\/uploads\\\/2024\\\/02\\\/TuulimyllyM-762x1024.jpg\",\"datePublished\":\"2024-02-01T13:57:04+00:00\",\"dateModified\":\"2025-12-22T04:57:53+00:00\",\"breadcrumb\":{\"@id\":\"https:\\\/\\\/www.tammilehdon.fi\\\/?page_id=54#breadcrumb\"},\"inLanguage\":\"fi\",\"potentialAction\":[{\"@type\":\"ReadAction\",\"target\":[\"https:\\\/\\\/www.tammilehdon.fi\\\/?page_id=54\"]}]},{\"@type\":\"ImageObject\",\"inLanguage\":\"fi\",\"@id\":\"https:\\\/\\\/www.tammilehdon.fi\\\/?page_id=54#primaryimage\",\"url\":\"https:\\\/\\\/www.tammilehdon.fi\\\/wp-content\\\/uploads\\\/2024\\\/02\\\/TuulimyllyM-scaled.jpg\",\"contentUrl\":\"https:\\\/\\\/www.tammilehdon.fi\\\/wp-content\\\/uploads\\\/2024\\\/02\\\/TuulimyllyM-scaled.jpg\",\"width\":1906,\"height\":2560},{\"@type\":\"BreadcrumbList\",\"@id\":\"https:\\\/\\\/www.tammilehdon.fi\\\/?page_id=54#breadcrumb\",\"itemListElement\":[{\"@type\":\"ListItem\",\"position\":1,\"name\":\"Etusivu\",\"item\":\"https:\\\/\\\/www.tammilehdon.fi\\\/\"},{\"@type\":\"ListItem\",\"position\":2,\"name\":\"P\u00e4iv\u00e4toiminta\"}]},{\"@type\":\"WebSite\",\"@id\":\"https:\\\/\\\/www.tammilehdon.fi\\\/#website\",\"url\":\"https:\\\/\\\/www.tammilehdon.fi\\\/\",\"name\":\"https:\\\/\\\/www.tammilehdon.fi\\\/\",\"description\":\"\",\"publisher\":{\"@id\":\"https:\\\/\\\/www.tammilehdon.fi\\\/#organization\"},\"potentialAction\":[{\"@type\":\"SearchAction\",\"target\":{\"@type\":\"EntryPoint\",\"urlTemplate\":\"https:\\\/\\\/www.tammilehdon.fi\\\/?s={search_term_string}\"},\"query-input\":{\"@type\":\"PropertyValueSpecification\",\"valueRequired\":true,\"valueName\":\"search_term_string\"}}],\"inLanguage\":\"fi\"},{\"@type\":\"Organization\",\"@id\":\"https:\\\/\\\/www.tammilehdon.fi\\\/#organization\",\"name\":\"Halikon kotiseutuyhdistys ry\",\"url\":\"https:\\\/\\\/www.tammilehdon.fi\\\/\",\"logo\":{\"@type\":\"ImageObject\",\"inLanguage\":\"fi\",\"@id\":\"https:\\\/\\\/www.tammilehdon.fi\\\/#\\\/schema\\\/logo\\\/image\\\/\",\"url\":\"https:\\\/\\\/www.tammilehdon.fi\\\/wp-content\\\/uploads\\\/2024\\\/02\\\/cropped-Tammilehdon-palvelukeskus.jpg\",\"contentUrl\":\"https:\\\/\\\/www.tammilehdon.fi\\\/wp-content\\\/uploads\\\/2024\\\/02\\\/cropped-Tammilehdon-palvelukeskus.jpg\",\"width\":1600,\"height\":439,\"caption\":\"Halikon kotiseutuyhdistys ry\"},\"image\":{\"@id\":\"https:\\\/\\\/www.tammilehdon.fi\\\/#\\\/schema\\\/logo\\\/image\\\/\"},\"sameAs\":[\"https:\\\/\\\/www.facebook.com\\\/p\\\/August-koti-100066632112156\\\/\"]}]}<\/script>\n<!-- \/ Yoast SEO plugin. -->","yoast_head_json":{"title":"P\u00e4iv\u00e4toiminta -","robots":{"index":"index","follow":"follow","max-snippet":"max-snippet:-1","max-image-preview":"max-image-preview:large","max-video-preview":"max-video-preview:-1"},"canonical":"https:\/\/www.tammilehdon.fi\/?page_id=54","og_locale":"fi_FI","og_type":"article","og_title":"P\u00e4iv\u00e4toiminta -","og_description":"P\u00e4iv\u00e4toiminta on s\u00e4\u00e4nn\u00f6llist\u00e4, tavoitteellista, virikkeellist\u00e4ik\u00e4\u00e4ntyneiden itsen\u00e4ist\u00e4 toimintakyky\u00e4 yll\u00e4pit\u00e4v\u00e4\u00e4 ja edist\u00e4v\u00e4\u00e4ryhm\u00e4muotoista toimintaa. Tavoitteena on ennaltaehk\u00e4ist\u00e4ymp\u00e4rivuorokautisen hoidon tarvetta.P\u00e4iv\u00e4toiminnassa asiakkaalle laaditaan kuntoutussuunnitelmahuomioiden voimavarat ja yksil\u00f6lliset tarpeet. Yhteisty\u00f6t\u00e4tehd\u00e4\u00e4n mm. asiakkaan omaisten ja kotihoidon henkil\u00f6st\u00f6nkanssa. P\u00e4iv\u00e4ohjelma:9:00 Saapuminen p\u00e4iv\u00e4toimintaan9:30 Aamupala10:00 Ryhm\u00e4toimintaa11:30 Lounas ja lepohetki13:00 Ryhm\u00e4toimintaa14:30 P\u00e4iv\u00e4kahvit15:00 P\u00e4iv\u00e4n p\u00e4\u00e4t\u00f6s, l\u00e4ht\u00f6 kotiin P\u00e4iv\u00e4toiminta on avoinna asiakkaille kahtena p\u00e4iv\u00e4n\u00e4 viikossaklo 9:00 \u2013 15:00. Asiakkaat [&hellip;]","og_url":"https:\/\/www.tammilehdon.fi\/?page_id=54","article_publisher":"https:\/\/www.facebook.com\/p\/August-koti-100066632112156\/","article_modified_time":"2025-12-22T04:57:53+00:00","og_image":[{"width":1906,"height":2560,"url":"https:\/\/www.tammilehdon.fi\/wp-content\/uploads\/2024\/02\/TuulimyllyM-scaled.jpg","type":"image\/jpeg"}],"twitter_card":"summary_large_image","twitter_misc":{"Arvioitu lukuaika":"2 minuuttia"},"schema":{"@context":"https:\/\/schema.org","@graph":[{"@type":"WebPage","@id":"https:\/\/www.tammilehdon.fi\/?page_id=54","url":"https:\/\/www.tammilehdon.fi\/?page_id=54","name":"P\u00e4iv\u00e4toiminta -","isPartOf":{"@id":"https:\/\/www.tammilehdon.fi\/#website"},"primaryImageOfPage":{"@id":"https:\/\/www.tammilehdon.fi\/?page_id=54#primaryimage"},"image":{"@id":"https:\/\/www.tammilehdon.fi\/?page_id=54#primaryimage"},"thumbnailUrl":"https:\/\/www.tammilehdon.fi\/wp-content\/uploads\/2024\/02\/TuulimyllyM-762x1024.jpg","datePublished":"2024-02-01T13:57:04+00:00","dateModified":"2025-12-22T04:57:53+00:00","breadcrumb":{"@id":"https:\/\/www.tammilehdon.fi\/?page_id=54#breadcrumb"},"inLanguage":"fi","potentialAction":[{"@type":"ReadAction","target":["https:\/\/www.tammilehdon.fi\/?page_id=54"]}]},{"@type":"ImageObject","inLanguage":"fi","@id":"https:\/\/www.tammilehdon.fi\/?page_id=54#primaryimage","url":"https:\/\/www.tammilehdon.fi\/wp-content\/uploads\/2024\/02\/TuulimyllyM-scaled.jpg","contentUrl":"https:\/\/www.tammilehdon.fi\/wp-content\/uploads\/2024\/02\/TuulimyllyM-scaled.jpg","width":1906,"height":2560},{"@type":"BreadcrumbList","@id":"https:\/\/www.tammilehdon.fi\/?page_id=54#breadcrumb","itemListElement":[{"@type":"ListItem","position":1,"name":"Etusivu","item":"https:\/\/www.tammilehdon.fi\/"},{"@type":"ListItem","position":2,"name":"P\u00e4iv\u00e4toiminta"}]},{"@type":"WebSite","@id":"https:\/\/www.tammilehdon.fi\/#website","url":"https:\/\/www.tammilehdon.fi\/","name":"https:\/\/www.tammilehdon.fi\/","description":"","publisher":{"@id":"https:\/\/www.tammilehdon.fi\/#organization"},"potentialAction":[{"@type":"SearchAction","target":{"@type":"EntryPoint","urlTemplate":"https:\/\/www.tammilehdon.fi\/?s={search_term_string}"},"query-input":{"@type":"PropertyValueSpecification","valueRequired":true,"valueName":"search_term_string"}}],"inLanguage":"fi"},{"@type":"Organization","@id":"https:\/\/www.tammilehdon.fi\/#organization","name":"Halikon kotiseutuyhdistys ry","url":"https:\/\/www.tammilehdon.fi\/","logo":{"@type":"ImageObject","inLanguage":"fi","@id":"https:\/\/www.tammilehdon.fi\/#\/schema\/logo\/image\/","url":"https:\/\/www.tammilehdon.fi\/wp-content\/uploads\/2024\/02\/cropped-Tammilehdon-palvelukeskus.jpg","contentUrl":"https:\/\/www.tammilehdon.fi\/wp-content\/uploads\/2024\/02\/cropped-Tammilehdon-palvelukeskus.jpg","width":1600,"height":439,"caption":"Halikon kotiseutuyhdistys ry"},"image":{"@id":"https:\/\/www.tammilehdon.fi\/#\/schema\/logo\/image\/"},"sameAs":["https:\/\/www.facebook.com\/p\/August-koti-100066632112156\/"]}]}},"_links":{"self":[{"href":"https:\/\/www.tammilehdon.fi\/index.php?rest_route=\/wp\/v2\/pages\/54","targetHints":{"allow":["GET"]}}],"collection":[{"href":"https:\/\/www.tammilehdon.fi\/index.php?rest_route=\/wp\/v2\/pages"}],"about":[{"href":"https:\/\/www.tammilehdon.fi\/index.php?rest_route=\/wp\/v2\/types\/page"}],"author":[{"embeddable":true,"href":"https:\/\/www.tammilehdon.fi\/index.php?rest_route=\/wp\/v2\/users\/1"}],"replies":[{"embeddable":true,"href":"https:\/\/www.tammilehdon.fi\/index.php?rest_route=%2Fwp%2Fv2%2Fcomments&post=54"}],"version-history":[{"count":19,"href":"https:\/\/www.tammilehdon.fi\/index.php?rest_route=\/wp\/v2\/pages\/54\/revisions"}],"predecessor-version":[{"id":637,"href":"https:\/\/www.tammilehdon.fi\/index.php?rest_route=\/wp\/v2\/pages\/54\/revisions\/637"}],"wp:attachment":[{"href":"https:\/\/www.tammilehdon.fi\/index.php?rest_route=%2Fwp%2Fv2%2Fmedia&parent=54"}],"curies":[{"name":"wp","href":"https:\/\/api.w.org\/{rel}","templated":true}]}}