{"id":641,"date":"2026-03-17T19:12:41","date_gmt":"2026-03-17T19:12:41","guid":{"rendered":"https:\/\/www.tammilehdon.fi\/?page_id=641"},"modified":"2026-03-18T04:49:38","modified_gmt":"2026-03-18T04:49:38","slug":"kesatyo-nuorille-hakuaika-18-3-10-4-2026","status":"publish","type":"page","link":"https:\/\/www.tammilehdon.fi\/?page_id=641","title":{"rendered":"Kes\u00e4ty\u00f6 nuorille!"},"content":{"rendered":"\n<h2 class=\"wp-block-heading\"><strong>Tee kes\u00e4st\u00e4si merkityksellinen \u2013 hae kes\u00e4ty\u00f6h\u00f6n hymyl\u00e4hettil\u00e4\u00e4ksi!<\/strong><br>Hakuaika 18.3. &#8211; 10.4.2026<\/h2>\n\n\n<div class=\"wp-block-image\">\n<figure class=\"alignright size-large is-resized\"><img loading=\"lazy\" decoding=\"async\" width=\"1024\" height=\"576\" src=\"https:\/\/www.tammilehdon.fi\/wp-content\/uploads\/2026\/03\/Verkkosivu_Banneri_Turva_vaaka_1920x1080px-1024x576.jpg\" alt=\"\" class=\"wp-image-645\" style=\"aspect-ratio:1.7776939249861912;width:359px;height:auto\" srcset=\"https:\/\/www.tammilehdon.fi\/wp-content\/uploads\/2026\/03\/Verkkosivu_Banneri_Turva_vaaka_1920x1080px-1024x576.jpg 1024w, https:\/\/www.tammilehdon.fi\/wp-content\/uploads\/2026\/03\/Verkkosivu_Banneri_Turva_vaaka_1920x1080px-300x169.jpg 300w, https:\/\/www.tammilehdon.fi\/wp-content\/uploads\/2026\/03\/Verkkosivu_Banneri_Turva_vaaka_1920x1080px-768x432.jpg 768w, https:\/\/www.tammilehdon.fi\/wp-content\/uploads\/2026\/03\/Verkkosivu_Banneri_Turva_vaaka_1920x1080px-1536x864.jpg 1536w, https:\/\/www.tammilehdon.fi\/wp-content\/uploads\/2026\/03\/Verkkosivu_Banneri_Turva_vaaka_1920x1080px-800x450.jpg 800w, https:\/\/www.tammilehdon.fi\/wp-content\/uploads\/2026\/03\/Verkkosivu_Banneri_Turva_vaaka_1920x1080px.jpg 1920w\" sizes=\"auto, (max-width: 1024px) 100vw, 1024px\" \/><\/figure>\n<\/div>\n\n\n<p><strong>Unohdetusta kohdatuksi \u2013 Yksi kes\u00e4. Kaksi sukupolvea.<\/strong><br>Haluatko kes\u00e4ty\u00f6n, jossa saat olla oma itsesi, tutustua uusiin ihmisiin ja tuoda iloa jonkun p\u00e4iv\u00e4\u00e4n? Oletko 15\u201320-vuotias nuori? Hae meille hymyl\u00e4hettil\u00e4\u00e4ksi ja kohtaa ik\u00e4ihmisi\u00e4 kahden viikon ty\u00f6jakson aikana kes\u00e4ll\u00e4 2026.<br>Hymyl\u00e4hettil\u00e4\u00e4n teht\u00e4v\u00e4ss\u00e4 viet\u00e4t ik\u00e4ihmisen kanssa aikaa esimerkiksi juttelemalla, ulkoilemalla ja auttamalla pieniss\u00e4 arjen asioissa. Ty\u00f6 ei vaadi erityistaitoja \u2013 t\u00e4rkeint\u00e4 on yst\u00e4v\u00e4llinen asenne ja halu kohdata.<\/p>\n\n\n\n<p><strong>Ty\u00f6aika ja palkka<\/strong><br>\u2022 Kahden viikon kes\u00e4ty\u00f6jakso<br>\u2022 Palkka 500 euroa \/ 2vk<br>\u2022 Ty\u00f6aika 30 h \/ viikko<br>\u2022 Perehdyt\u00e4mme sinut teht\u00e4v\u00e4\u00e4n<\/p>\n\n\n\n<p><strong>N\u00e4in haet teht\u00e4v\u00e4\u00e4n<\/strong><br>L\u00e4het\u00e4 vapaamuotoinen hakemuksesi meille s\u00e4hk\u00f6posti osoitteeseen:  <a href=\"mailto:raija.kannisto@tammilehdon.fi\" target=\"_blank\" rel=\"noreferrer noopener\"><strong>raija.kannisto@tammilehdon.fi<\/strong><\/a><br>Rekrytoinnista vastaavan henkil\u00f6n tiedot:<strong>Toiminnanjohtaja Raija Kannisto,  puh +358 44&nbsp;727 8301<\/strong><\/p>\n\n\n\n<p><strong>Kerro kes\u00e4ty\u00f6hakemuksessasi ainakin n\u00e4m\u00e4:<\/strong><\/p>\n\n\n\n<ol class=\"wp-block-list\">\n<li>Miksi haet teht\u00e4v\u00e4\u00e4 ja miksi sopisit siihen<\/li>\n\n\n\n<li>Osaamisesi ja vahvuutesi ty\u00f6ntekij\u00e4n\u00e4<\/li>\n\n\n\n<li>Yhteystietosi<br>Vinkkej\u00e4 vapaamuotoisen kes\u00e4ty\u00f6hakemuksen tekemiseen l\u00f6yd\u00e4t esimerkiksi t\u00e4\u00e4lt\u00e4: https:\/\/duunitori.fi\/tyoelama\/kesatyohakemus-ilman-kokemusta<br>Lis\u00e4tietoja hakemisesta ja teht\u00e4v\u00e4st\u00e4 voit kysy\u00e4: (teid\u00e4n yhteyshenkil\u00f6nne tiedot)<\/li>\n<\/ol>\n\n\n\n<p>Hymyl\u00e4hettil\u00e4s tekee unohdetuista kohdattuja<br>Hymyl\u00e4hettil\u00e4\u00e4n kes\u00e4ty\u00f6n mahdollistaa Keskin\u00e4inen Vakuutusyhti\u00f6 Turva. Turva lahjoittaa Vanhusty\u00f6n keskusliitolle 100 000 euroa Unohdetusta kohdatuksi -yhteis\u00f6llisyystekoon, jonka tavoitteena on v\u00e4hent\u00e4\u00e4 ik\u00e4ihmisten yksin\u00e4isyytt\u00e4 ja mahdollistaa nuorille merkityksellinen kes\u00e4ty\u00f6. Me Vanhusty\u00f6n keskusliiton j\u00e4senyhteis\u00f6n\u00e4 voimme tarjota sinulle t\u00e4m\u00e4n ty\u00f6n ja olemme ty\u00f6nantajasi.<br>Lis\u00e4tietoja Unohdetusta kohdatuksi -yhteis\u00f6llisyysteosta: turva.fi\/kohdattu<br>\u2003<br>G\u00f6r din sommar meningsfull \u2013 s\u00f6k sommarjobb som hymyl\u00e4hettil\u00e4s!<br>Fr\u00e5n bortgl\u00f6md till bem\u00f6tt \u2013 En sommar. Tv\u00e5 generationer.<br>Vill du ha ett sommarjobb d\u00e4r du f\u00e5r vara dig sj\u00e4lv, tr\u00e4ffa nya m\u00e4nniskor och sprida gl\u00e4dje i n\u00e5gons vardag? <br>\u00c4r du en ung person mellan 15 och 20 \u00e5r? S\u00f6k till oss som hymyl\u00e4hettil\u00e4s och m\u00f6t \u00e4ldre under en tv\u00e5 veckor l\u00e5ng arbetsperiod sommaren 2026.<br>Som hymyl\u00e4hettil\u00e4s tillbringar du tid med \u00e4ldre genom att till exempel prata, g\u00e5 ut tillsammans och hj\u00e4lpa till med sm\u00e5 saker i vardagen. Arbetet kr\u00e4ver inga s\u00e4rskilda f\u00f6rkunskaper \u2013 det viktigaste \u00e4r en v\u00e4nlig inst\u00e4llning och en vilja att m\u00f6tas.<\/p>\n\n\n<div class=\"wp-block-image\">\n<figure class=\"alignright size-large is-resized\"><img loading=\"lazy\" decoding=\"async\" width=\"1024\" height=\"576\" src=\"https:\/\/www.tammilehdon.fi\/wp-content\/uploads\/2026\/03\/Verkkosivu_Banneri_Turva_vaaka_pelkka_valokuva_1920x1080px-1024x576.jpg\" alt=\"\" class=\"wp-image-646\" style=\"aspect-ratio:1.7776591774989206;width:361px;height:auto\" srcset=\"https:\/\/www.tammilehdon.fi\/wp-content\/uploads\/2026\/03\/Verkkosivu_Banneri_Turva_vaaka_pelkka_valokuva_1920x1080px-1024x576.jpg 1024w, https:\/\/www.tammilehdon.fi\/wp-content\/uploads\/2026\/03\/Verkkosivu_Banneri_Turva_vaaka_pelkka_valokuva_1920x1080px-300x169.jpg 300w, https:\/\/www.tammilehdon.fi\/wp-content\/uploads\/2026\/03\/Verkkosivu_Banneri_Turva_vaaka_pelkka_valokuva_1920x1080px-768x432.jpg 768w, https:\/\/www.tammilehdon.fi\/wp-content\/uploads\/2026\/03\/Verkkosivu_Banneri_Turva_vaaka_pelkka_valokuva_1920x1080px-1536x864.jpg 1536w, https:\/\/www.tammilehdon.fi\/wp-content\/uploads\/2026\/03\/Verkkosivu_Banneri_Turva_vaaka_pelkka_valokuva_1920x1080px-800x450.jpg 800w, https:\/\/www.tammilehdon.fi\/wp-content\/uploads\/2026\/03\/Verkkosivu_Banneri_Turva_vaaka_pelkka_valokuva_1920x1080px.jpg 1920w\" sizes=\"auto, (max-width: 1024px) 100vw, 1024px\" \/><\/figure>\n<\/div>\n\n\n<p><strong>Arbetstid och l\u00f6n<\/strong><\/p>\n\n\n\n<ul class=\"wp-block-list\">\n<li>Tv\u00e5 veckors sommarjobb<\/li>\n\n\n\n<li>L\u00f6n 500 euro \/ 2 veckor<\/li>\n\n\n\n<li>Arbetstid 30 h \/ vecka<\/li>\n\n\n\n<li>Vi introducerar dig i arbetsuppgifterna<\/li>\n<\/ul>\n\n\n\n<p><strong>S\u00e5 h\u00e4r s\u00f6ker du<\/strong><br>Skicka en fritt formulerad ans\u00f6kan till oss p\u00e5 adressen: (era kontaktuppgifter)<br><br><strong>Ber\u00e4tta i din ans\u00f6kan \u00e5tminstone:<\/strong><\/p>\n\n\n\n<ol class=\"wp-block-list\">\n<li>Varf\u00f6r du s\u00f6ker jobbet och varf\u00f6r du passar f\u00f6r det<\/li>\n\n\n\n<li>Dina kunskaper och styrkor som arbetstagare<\/li>\n\n\n\n<li>Dina kontaktuppgifter<br>Tips f\u00f6r hur du skriver en fritt formulerad sommarjobbsans\u00f6kan hittar du till exempel h\u00e4r:<br>https:\/\/duunitori.fi\/tyoelama\/kesatyohakemus-ilman-kokemusta<br>F\u00f6r mer information om ans\u00f6kan och arbetsuppgiften kan du kontakta: (era kontaktuppgifter)<\/li>\n<\/ol>\n\n\n\n<p><strong>Hymyl\u00e4hettil\u00e4s g\u00f6r bortgl\u00f6mda sedda<\/strong><br>Sommarjobbet som hymyl\u00e4hettil\u00e4s m\u00f6jligg\u00f6rs av Keskin\u00e4inen Vakuutusyhti\u00f6 Turva. Turva donerar 100 000 euro till Centralf\u00f6rbundet f\u00f6r de gamlas v\u00e4l f\u00f6r gemenskapsinsatsen Fr\u00e5n bortgl\u00f6md till bem\u00f6tt, vars m\u00e5l \u00e4r att minska ensamheten bland \u00e4ldre och erbjuda unga ett meningsfullt sommarjobb.<br>Som medlemsorganisation i Centralf\u00f6rbundet f\u00f6r de gamlas v\u00e4l kan vi erbjuda dig detta arbete och fungerar som din arbetsgivare.<br>Mer information om gemenskapsinsatsen Fr\u00e5n bortgl\u00f6md till bem\u00f6tt: turva.fi\/kohdattu<\/p>\n","protected":false},"excerpt":{"rendered":"<p>Tee kes\u00e4st\u00e4si merkityksellinen \u2013 hae kes\u00e4ty\u00f6h\u00f6n hymyl\u00e4hettil\u00e4\u00e4ksi!Hakuaika 18.3. &#8211; 10.4.2026 Unohdetusta kohdatuksi \u2013 Yksi kes\u00e4. Kaksi sukupolvea.Haluatko kes\u00e4ty\u00f6n, jossa saat olla oma itsesi, tutustua uusiin ihmisiin ja tuoda iloa jonkun p\u00e4iv\u00e4\u00e4n? Oletko 15\u201320-vuotias nuori? Hae meille hymyl\u00e4hettil\u00e4\u00e4ksi ja kohtaa ik\u00e4ihmisi\u00e4 kahden viikon ty\u00f6jakson aikana kes\u00e4ll\u00e4 2026.Hymyl\u00e4hettil\u00e4\u00e4n teht\u00e4v\u00e4ss\u00e4 viet\u00e4t ik\u00e4ihmisen kanssa aikaa esimerkiksi juttelemalla, ulkoilemalla ja [&hellip;]<\/p>\n","protected":false},"author":1,"featured_media":0,"parent":0,"menu_order":0,"comment_status":"closed","ping_status":"closed","template":"","meta":{"ocean_post_layout":"","ocean_both_sidebars_style":"","ocean_both_sidebars_content_width":0,"ocean_both_sidebars_sidebars_width":0,"ocean_sidebar":"","ocean_second_sidebar":"","ocean_disable_margins":"enable","ocean_add_body_class":"","ocean_shortcode_before_top_bar":"","ocean_shortcode_after_top_bar":"","ocean_shortcode_before_header":"","ocean_shortcode_after_header":"","ocean_has_shortcode":"","ocean_shortcode_after_title":"","ocean_shortcode_before_footer_widgets":"","ocean_shortcode_after_footer_widgets":"","ocean_shortcode_before_footer_bottom":"","ocean_shortcode_after_footer_bottom":"","ocean_display_top_bar":"default","ocean_display_header":"default","ocean_header_style":"","ocean_center_header_left_menu":"","ocean_custom_header_template":"","ocean_custom_logo":0,"ocean_custom_retina_logo":0,"ocean_custom_logo_max_width":0,"ocean_custom_logo_tablet_max_width":0,"ocean_custom_logo_mobile_max_width":0,"ocean_custom_logo_max_height":0,"ocean_custom_logo_tablet_max_height":0,"ocean_custom_logo_mobile_max_height":0,"ocean_header_custom_menu":"","ocean_menu_typo_font_family":"","ocean_menu_typo_font_subset":"","ocean_menu_typo_font_size":0,"ocean_menu_typo_font_size_tablet":0,"ocean_menu_typo_font_size_mobile":0,"ocean_menu_typo_font_size_unit":"px","ocean_menu_typo_font_weight":"","ocean_menu_typo_font_weight_tablet":"","ocean_menu_typo_font_weight_mobile":"","ocean_menu_typo_transform":"","ocean_menu_typo_transform_tablet":"","ocean_menu_typo_transform_mobile":"","ocean_menu_typo_line_height":0,"ocean_menu_typo_line_height_tablet":0,"ocean_menu_typo_line_height_mobile":0,"ocean_menu_typo_line_height_unit":"","ocean_menu_typo_spacing":0,"ocean_menu_typo_spacing_tablet":0,"ocean_menu_typo_spacing_mobile":0,"ocean_menu_typo_spacing_unit":"","ocean_menu_link_color":"","ocean_menu_link_color_hover":"","ocean_menu_link_color_active":"","ocean_menu_link_background":"","ocean_menu_link_hover_background":"","ocean_menu_link_active_background":"","ocean_menu_social_links_bg":"","ocean_menu_social_hover_links_bg":"","ocean_menu_social_links_color":"","ocean_menu_social_hover_links_color":"","ocean_disable_title":"default","ocean_disable_heading":"default","ocean_post_title":"","ocean_post_subheading":"","ocean_post_title_style":"","ocean_post_title_background_color":"","ocean_post_title_background":0,"ocean_post_title_bg_image_position":"","ocean_post_title_bg_image_attachment":"","ocean_post_title_bg_image_repeat":"","ocean_post_title_bg_image_size":"","ocean_post_title_height":0,"ocean_post_title_bg_overlay":0.5,"ocean_post_title_bg_overlay_color":"","ocean_disable_breadcrumbs":"default","ocean_breadcrumbs_color":"","ocean_breadcrumbs_separator_color":"","ocean_breadcrumbs_links_color":"","ocean_breadcrumbs_links_hover_color":"","ocean_display_footer_widgets":"default","ocean_display_footer_bottom":"default","ocean_custom_footer_template":"","footnotes":""},"class_list":["post-641","page","type-page","status-publish","hentry","entry"],"yoast_head":"<!-- This site is optimized with the Yoast SEO plugin v27.6 - https:\/\/yoast.com\/product\/yoast-seo-wordpress\/ -->\n<title>Kes\u00e4ty\u00f6 nuorille! -<\/title>\n<meta name=\"robots\" content=\"index, follow, max-snippet:-1, max-image-preview:large, max-video-preview:-1\" \/>\n<link rel=\"canonical\" href=\"https:\/\/www.tammilehdon.fi\/?page_id=641\" \/>\n<meta property=\"og:locale\" content=\"fi_FI\" \/>\n<meta property=\"og:type\" content=\"article\" \/>\n<meta property=\"og:title\" content=\"Kes\u00e4ty\u00f6 nuorille! -\" \/>\n<meta property=\"og:description\" content=\"Tee kes\u00e4st\u00e4si merkityksellinen \u2013 hae kes\u00e4ty\u00f6h\u00f6n hymyl\u00e4hettil\u00e4\u00e4ksi!Hakuaika 18.3. &#8211; 10.4.2026 Unohdetusta kohdatuksi \u2013 Yksi kes\u00e4. Kaksi sukupolvea.Haluatko kes\u00e4ty\u00f6n, jossa saat olla oma itsesi, tutustua uusiin ihmisiin ja tuoda iloa jonkun p\u00e4iv\u00e4\u00e4n? Oletko 15\u201320-vuotias nuori? Hae meille hymyl\u00e4hettil\u00e4\u00e4ksi ja kohtaa ik\u00e4ihmisi\u00e4 kahden viikon ty\u00f6jakson aikana kes\u00e4ll\u00e4 2026.Hymyl\u00e4hettil\u00e4\u00e4n teht\u00e4v\u00e4ss\u00e4 viet\u00e4t ik\u00e4ihmisen kanssa aikaa esimerkiksi juttelemalla, ulkoilemalla ja [&hellip;]\" \/>\n<meta property=\"og:url\" content=\"https:\/\/www.tammilehdon.fi\/?page_id=641\" \/>\n<meta property=\"article:publisher\" content=\"https:\/\/www.facebook.com\/p\/August-koti-100066632112156\/\" \/>\n<meta property=\"article:modified_time\" content=\"2026-03-18T04:49:38+00:00\" \/>\n<meta property=\"og:image\" content=\"https:\/\/www.tammilehdon.fi\/wp-content\/uploads\/2026\/03\/Verkkosivu_Banneri_Turva_vaaka_1920x1080px.jpg\" \/>\n\t<meta property=\"og:image:width\" content=\"1920\" \/>\n\t<meta property=\"og:image:height\" content=\"1080\" \/>\n\t<meta property=\"og:image:type\" content=\"image\/jpeg\" \/>\n<meta name=\"twitter:card\" content=\"summary_large_image\" \/>\n<meta name=\"twitter:label1\" content=\"Arvioitu lukuaika\" \/>\n\t<meta name=\"twitter:data1\" content=\"4 minuuttia\" \/>\n<script type=\"application\/ld+json\" class=\"yoast-schema-graph\">{\"@context\":\"https:\\\/\\\/schema.org\",\"@graph\":[{\"@type\":\"WebPage\",\"@id\":\"https:\\\/\\\/www.tammilehdon.fi\\\/?page_id=641\",\"url\":\"https:\\\/\\\/www.tammilehdon.fi\\\/?page_id=641\",\"name\":\"Kes\u00e4ty\u00f6 nuorille! -\",\"isPartOf\":{\"@id\":\"https:\\\/\\\/www.tammilehdon.fi\\\/#website\"},\"primaryImageOfPage\":{\"@id\":\"https:\\\/\\\/www.tammilehdon.fi\\\/?page_id=641#primaryimage\"},\"image\":{\"@id\":\"https:\\\/\\\/www.tammilehdon.fi\\\/?page_id=641#primaryimage\"},\"thumbnailUrl\":\"https:\\\/\\\/www.tammilehdon.fi\\\/wp-content\\\/uploads\\\/2026\\\/03\\\/Verkkosivu_Banneri_Turva_vaaka_1920x1080px-1024x576.jpg\",\"datePublished\":\"2026-03-17T19:12:41+00:00\",\"dateModified\":\"2026-03-18T04:49:38+00:00\",\"breadcrumb\":{\"@id\":\"https:\\\/\\\/www.tammilehdon.fi\\\/?page_id=641#breadcrumb\"},\"inLanguage\":\"fi\",\"potentialAction\":[{\"@type\":\"ReadAction\",\"target\":[\"https:\\\/\\\/www.tammilehdon.fi\\\/?page_id=641\"]}]},{\"@type\":\"ImageObject\",\"inLanguage\":\"fi\",\"@id\":\"https:\\\/\\\/www.tammilehdon.fi\\\/?page_id=641#primaryimage\",\"url\":\"https:\\\/\\\/www.tammilehdon.fi\\\/wp-content\\\/uploads\\\/2026\\\/03\\\/Verkkosivu_Banneri_Turva_vaaka_1920x1080px.jpg\",\"contentUrl\":\"https:\\\/\\\/www.tammilehdon.fi\\\/wp-content\\\/uploads\\\/2026\\\/03\\\/Verkkosivu_Banneri_Turva_vaaka_1920x1080px.jpg\",\"width\":1920,\"height\":1080},{\"@type\":\"BreadcrumbList\",\"@id\":\"https:\\\/\\\/www.tammilehdon.fi\\\/?page_id=641#breadcrumb\",\"itemListElement\":[{\"@type\":\"ListItem\",\"position\":1,\"name\":\"Etusivu\",\"item\":\"https:\\\/\\\/www.tammilehdon.fi\\\/\"},{\"@type\":\"ListItem\",\"position\":2,\"name\":\"Kes\u00e4ty\u00f6 nuorille!\"}]},{\"@type\":\"WebSite\",\"@id\":\"https:\\\/\\\/www.tammilehdon.fi\\\/#website\",\"url\":\"https:\\\/\\\/www.tammilehdon.fi\\\/\",\"name\":\"https:\\\/\\\/www.tammilehdon.fi\\\/\",\"description\":\"\",\"publisher\":{\"@id\":\"https:\\\/\\\/www.tammilehdon.fi\\\/#organization\"},\"potentialAction\":[{\"@type\":\"SearchAction\",\"target\":{\"@type\":\"EntryPoint\",\"urlTemplate\":\"https:\\\/\\\/www.tammilehdon.fi\\\/?s={search_term_string}\"},\"query-input\":{\"@type\":\"PropertyValueSpecification\",\"valueRequired\":true,\"valueName\":\"search_term_string\"}}],\"inLanguage\":\"fi\"},{\"@type\":\"Organization\",\"@id\":\"https:\\\/\\\/www.tammilehdon.fi\\\/#organization\",\"name\":\"Halikon kotiseutuyhdistys ry\",\"url\":\"https:\\\/\\\/www.tammilehdon.fi\\\/\",\"logo\":{\"@type\":\"ImageObject\",\"inLanguage\":\"fi\",\"@id\":\"https:\\\/\\\/www.tammilehdon.fi\\\/#\\\/schema\\\/logo\\\/image\\\/\",\"url\":\"https:\\\/\\\/www.tammilehdon.fi\\\/wp-content\\\/uploads\\\/2024\\\/02\\\/cropped-Tammilehdon-palvelukeskus.jpg\",\"contentUrl\":\"https:\\\/\\\/www.tammilehdon.fi\\\/wp-content\\\/uploads\\\/2024\\\/02\\\/cropped-Tammilehdon-palvelukeskus.jpg\",\"width\":1600,\"height\":439,\"caption\":\"Halikon kotiseutuyhdistys ry\"},\"image\":{\"@id\":\"https:\\\/\\\/www.tammilehdon.fi\\\/#\\\/schema\\\/logo\\\/image\\\/\"},\"sameAs\":[\"https:\\\/\\\/www.facebook.com\\\/p\\\/August-koti-100066632112156\\\/\"]}]}<\/script>\n<!-- \/ Yoast SEO plugin. -->","yoast_head_json":{"title":"Kes\u00e4ty\u00f6 nuorille! -","robots":{"index":"index","follow":"follow","max-snippet":"max-snippet:-1","max-image-preview":"max-image-preview:large","max-video-preview":"max-video-preview:-1"},"canonical":"https:\/\/www.tammilehdon.fi\/?page_id=641","og_locale":"fi_FI","og_type":"article","og_title":"Kes\u00e4ty\u00f6 nuorille! -","og_description":"Tee kes\u00e4st\u00e4si merkityksellinen \u2013 hae kes\u00e4ty\u00f6h\u00f6n hymyl\u00e4hettil\u00e4\u00e4ksi!Hakuaika 18.3. &#8211; 10.4.2026 Unohdetusta kohdatuksi \u2013 Yksi kes\u00e4. Kaksi sukupolvea.Haluatko kes\u00e4ty\u00f6n, jossa saat olla oma itsesi, tutustua uusiin ihmisiin ja tuoda iloa jonkun p\u00e4iv\u00e4\u00e4n? Oletko 15\u201320-vuotias nuori? Hae meille hymyl\u00e4hettil\u00e4\u00e4ksi ja kohtaa ik\u00e4ihmisi\u00e4 kahden viikon ty\u00f6jakson aikana kes\u00e4ll\u00e4 2026.Hymyl\u00e4hettil\u00e4\u00e4n teht\u00e4v\u00e4ss\u00e4 viet\u00e4t ik\u00e4ihmisen kanssa aikaa esimerkiksi juttelemalla, ulkoilemalla ja [&hellip;]","og_url":"https:\/\/www.tammilehdon.fi\/?page_id=641","article_publisher":"https:\/\/www.facebook.com\/p\/August-koti-100066632112156\/","article_modified_time":"2026-03-18T04:49:38+00:00","og_image":[{"width":1920,"height":1080,"url":"https:\/\/www.tammilehdon.fi\/wp-content\/uploads\/2026\/03\/Verkkosivu_Banneri_Turva_vaaka_1920x1080px.jpg","type":"image\/jpeg"}],"twitter_card":"summary_large_image","twitter_misc":{"Arvioitu lukuaika":"4 minuuttia"},"schema":{"@context":"https:\/\/schema.org","@graph":[{"@type":"WebPage","@id":"https:\/\/www.tammilehdon.fi\/?page_id=641","url":"https:\/\/www.tammilehdon.fi\/?page_id=641","name":"Kes\u00e4ty\u00f6 nuorille! -","isPartOf":{"@id":"https:\/\/www.tammilehdon.fi\/#website"},"primaryImageOfPage":{"@id":"https:\/\/www.tammilehdon.fi\/?page_id=641#primaryimage"},"image":{"@id":"https:\/\/www.tammilehdon.fi\/?page_id=641#primaryimage"},"thumbnailUrl":"https:\/\/www.tammilehdon.fi\/wp-content\/uploads\/2026\/03\/Verkkosivu_Banneri_Turva_vaaka_1920x1080px-1024x576.jpg","datePublished":"2026-03-17T19:12:41+00:00","dateModified":"2026-03-18T04:49:38+00:00","breadcrumb":{"@id":"https:\/\/www.tammilehdon.fi\/?page_id=641#breadcrumb"},"inLanguage":"fi","potentialAction":[{"@type":"ReadAction","target":["https:\/\/www.tammilehdon.fi\/?page_id=641"]}]},{"@type":"ImageObject","inLanguage":"fi","@id":"https:\/\/www.tammilehdon.fi\/?page_id=641#primaryimage","url":"https:\/\/www.tammilehdon.fi\/wp-content\/uploads\/2026\/03\/Verkkosivu_Banneri_Turva_vaaka_1920x1080px.jpg","contentUrl":"https:\/\/www.tammilehdon.fi\/wp-content\/uploads\/2026\/03\/Verkkosivu_Banneri_Turva_vaaka_1920x1080px.jpg","width":1920,"height":1080},{"@type":"BreadcrumbList","@id":"https:\/\/www.tammilehdon.fi\/?page_id=641#breadcrumb","itemListElement":[{"@type":"ListItem","position":1,"name":"Etusivu","item":"https:\/\/www.tammilehdon.fi\/"},{"@type":"ListItem","position":2,"name":"Kes\u00e4ty\u00f6 nuorille!"}]},{"@type":"WebSite","@id":"https:\/\/www.tammilehdon.fi\/#website","url":"https:\/\/www.tammilehdon.fi\/","name":"https:\/\/www.tammilehdon.fi\/","description":"","publisher":{"@id":"https:\/\/www.tammilehdon.fi\/#organization"},"potentialAction":[{"@type":"SearchAction","target":{"@type":"EntryPoint","urlTemplate":"https:\/\/www.tammilehdon.fi\/?s={search_term_string}"},"query-input":{"@type":"PropertyValueSpecification","valueRequired":true,"valueName":"search_term_string"}}],"inLanguage":"fi"},{"@type":"Organization","@id":"https:\/\/www.tammilehdon.fi\/#organization","name":"Halikon kotiseutuyhdistys ry","url":"https:\/\/www.tammilehdon.fi\/","logo":{"@type":"ImageObject","inLanguage":"fi","@id":"https:\/\/www.tammilehdon.fi\/#\/schema\/logo\/image\/","url":"https:\/\/www.tammilehdon.fi\/wp-content\/uploads\/2024\/02\/cropped-Tammilehdon-palvelukeskus.jpg","contentUrl":"https:\/\/www.tammilehdon.fi\/wp-content\/uploads\/2024\/02\/cropped-Tammilehdon-palvelukeskus.jpg","width":1600,"height":439,"caption":"Halikon kotiseutuyhdistys ry"},"image":{"@id":"https:\/\/www.tammilehdon.fi\/#\/schema\/logo\/image\/"},"sameAs":["https:\/\/www.facebook.com\/p\/August-koti-100066632112156\/"]}]}},"_links":{"self":[{"href":"https:\/\/www.tammilehdon.fi\/index.php?rest_route=\/wp\/v2\/pages\/641","targetHints":{"allow":["GET"]}}],"collection":[{"href":"https:\/\/www.tammilehdon.fi\/index.php?rest_route=\/wp\/v2\/pages"}],"about":[{"href":"https:\/\/www.tammilehdon.fi\/index.php?rest_route=\/wp\/v2\/types\/page"}],"author":[{"embeddable":true,"href":"https:\/\/www.tammilehdon.fi\/index.php?rest_route=\/wp\/v2\/users\/1"}],"replies":[{"embeddable":true,"href":"https:\/\/www.tammilehdon.fi\/index.php?rest_route=%2Fwp%2Fv2%2Fcomments&post=641"}],"version-history":[{"count":23,"href":"https:\/\/www.tammilehdon.fi\/index.php?rest_route=\/wp\/v2\/pages\/641\/revisions"}],"predecessor-version":[{"id":672,"href":"https:\/\/www.tammilehdon.fi\/index.php?rest_route=\/wp\/v2\/pages\/641\/revisions\/672"}],"wp:attachment":[{"href":"https:\/\/www.tammilehdon.fi\/index.php?rest_route=%2Fwp%2Fv2%2Fmedia&parent=641"}],"curies":[{"name":"wp","href":"https:\/\/api.w.org\/{rel}","templated":true}]}}